{"id":9808,"date":"2023-01-16T16:34:03","date_gmt":"2023-01-16T16:34:03","guid":{"rendered":"https:\/\/knowhate.eu\/objectives\/"},"modified":"2023-02-07T16:42:18","modified_gmt":"2023-02-07T16:42:18","slug":"objectives","status":"publish","type":"page","link":"https:\/\/knowhate.eu\/pt-pt\/objectives\/","title":{"rendered":"Objectivos"},"content":{"rendered":"\t\t<div data-elementor-type=\"wp-page\" data-elementor-id=\"9808\" class=\"elementor elementor-9808 elementor-8630\" data-elementor-post-type=\"page\">\n\t\t\t\t\t\t<section class=\"wd-negative-gap elementor-section elementor-top-section elementor-element elementor-element-93ae735 elementor-section-boxed elementor-section-height-default elementor-section-height-default\" data-id=\"93ae735\" data-element_type=\"section\">\n\t\t\t\t\t\t<div class=\"elementor-container elementor-column-gap-default\">\n\t\t\t\t\t<div class=\"elementor-column elementor-col-100 elementor-top-column elementor-element elementor-element-d902947\" data-id=\"d902947\" data-element_type=\"column\">\n\t\t\t<div class=\"elementor-widget-wrap elementor-element-populated\">\n\t\t\t\t\t\t<div class=\"elementor-element elementor-element-ad003d1 wd-width-100 elementor-widget elementor-widget-wd_title\" data-id=\"ad003d1\" data-element_type=\"widget\" data-widget_type=\"wd_title.default\">\n\t\t\t\t<div class=\"elementor-widget-container\">\n\t\t\t\t\t\t\t<div class=\"title-wrapper wd-set-mb reset-last-child wd-title-color-default wd-title-style-default wd-title-size-default text-left\">\n\n\t\t\t\n\t\t\t<div class=\"liner-continer\">\n\t\t\t\t<h4 class=\"woodmart-title-container title wd-fontsize-l\">Objectivos<\/h4> \n\t\t\t\t\t\t\t<\/div>\n\n\t\t\t\t\t<\/div>\n\t\t\t\t\t\t<\/div>\n\t\t\t\t<\/div>\n\t\t\t\t<div class=\"elementor-element elementor-element-144d38a elementor-widget elementor-widget-wd_text_block\" data-id=\"144d38a\" data-element_type=\"widget\" data-widget_type=\"wd_text_block.default\">\n\t\t\t\t<div class=\"elementor-widget-container\">\n\t\t\t\t\t\t\t<div class=\"wd-text-block reset-last-child text-left\">\n\t\t\t\n\t\t\t<p style=\"font-weight: 400;\">O projecto kNOwHATE prop\u00f5e uma abordagem inovadora, interdisciplinar e participativa que combina as ci\u00eancias sociais e lingu\u00edsticas com ci\u00eancias computacionais, com o objetivo de:<\/p><ul><li>Oferecer uma compreens\u00e3o abrangente das caracter\u00edsticas psicossociais e lingu\u00edsticas do DOO;<\/li><li>Analisar os conte\u00fados e propaga\u00e7\u00e3o do DOO e dos contra-discursos em conte\u00fados gerados pelo utilizador (por exemplo, tweets) em Portugal;<\/li><li>Criar modelos para a sua dete\u00e7\u00e3o autom\u00e1tica, informados simultaneamente pelo conhecimento cient\u00edfico e pelas pr\u00f3prias experi\u00eancias e vozes dos grupos-alvo destes discursos;<\/li><li>Oferecer orienta\u00e7\u00f5es e ferramentas culturalmente sens\u00edveis e adaptadas para uma dete\u00e7\u00e3o eficaz do DOO, para a sua preven\u00e7\u00e3o bem como narrativas de contra-discursos a serem utilizadas por indiv\u00edduos, organiza\u00e7\u00f5es da sociedade civil, e decisores pol\u00edticos.<\/li><\/ul><p style=\"font-weight: 400;\">kNOwHATE ambiciona assim combinar evid\u00eancias cient\u00edficas s\u00f3lidas relativas aos fatores subjacentes \u00e0 xenofobia, \u00f3dio racial e preconceito sexual com a utiliza\u00e7\u00e3o de t\u00e9cnicas de ci\u00eancia de dados de vanguarda e meios digitais e ferramentas de comunica\u00e7\u00e3o inovadores para compreender o DOO, detect\u00e1-lo automaticamente e combat\u00ea-lo.<\/p><h5>O nosso principal objetivo \u00e9 produzir conhecimento e traduzi-lo em pol\u00edticas e a\u00e7\u00f5es baseadas em evid\u00eancias cient\u00edficas, levando a a\u00e7\u00f5es concretas de resolu\u00e7\u00e3o de problemas que satisfa\u00e7am as necessidades das popula\u00e7\u00f5es alvo de DOO.<\/h5>\n\t\t\t\t\t<\/div>\n\t\t\t\t\t\t<\/div>\n\t\t\t\t<\/div>\n\t\t\t\t\t<\/div>\n\t\t<\/div>\n\t\t\t\t\t<\/div>\n\t\t<\/section>\n\t\t\t\t<\/div>\n\t\t","protected":false},"excerpt":{"rendered":"<p>Objectivos O projecto kNOwHATE prop\u00f5e uma abordagem inovadora, interdisciplinar e participativa que combina as ci\u00eancias sociais e lingu\u00edsticas com ci\u00eancias<\/p>\n","protected":false},"author":1,"featured_media":0,"parent":0,"menu_order":0,"comment_status":"closed","ping_status":"closed","template":"","meta":{"footnotes":""},"class_list":["post-9808","page","type-page","status-publish","hentry"],"yoast_head":"<!-- This site is optimized with the Yoast SEO plugin v24.7 - https:\/\/yoast.com\/wordpress\/plugins\/seo\/ -->\n<title>Objectivos - Knowhate<\/title>\n<meta name=\"robots\" content=\"index, follow, max-snippet:-1, max-image-preview:large, max-video-preview:-1\" \/>\n<link rel=\"canonical\" href=\"https:\/\/knowhate.eu\/pt-pt\/objectives\/\" \/>\n<meta property=\"og:locale\" content=\"pt_PT\" \/>\n<meta property=\"og:type\" content=\"article\" \/>\n<meta property=\"og:title\" content=\"Objectivos - Knowhate\" \/>\n<meta property=\"og:description\" content=\"Objectivos O projecto kNOwHATE prop\u00f5e uma abordagem inovadora, interdisciplinar e participativa que combina as ci\u00eancias sociais e lingu\u00edsticas com ci\u00eancias\" \/>\n<meta property=\"og:url\" content=\"https:\/\/knowhate.eu\/pt-pt\/objectives\/\" \/>\n<meta property=\"og:site_name\" content=\"Knowhate\" \/>\n<meta property=\"article:modified_time\" content=\"2023-02-07T16:42:18+00:00\" \/>\n<meta name=\"twitter:card\" content=\"summary_large_image\" \/>\n<meta name=\"twitter:label1\" content=\"Tempo estimado de leitura\" \/>\n\t<meta name=\"twitter:data1\" content=\"2 minutos\" \/>\n<script type=\"application\/ld+json\" class=\"yoast-schema-graph\">{\"@context\":\"https:\/\/schema.org\",\"@graph\":[{\"@type\":\"WebPage\",\"@id\":\"https:\/\/knowhate.eu\/pt-pt\/objectives\/\",\"url\":\"https:\/\/knowhate.eu\/pt-pt\/objectives\/\",\"name\":\"Objectivos - Knowhate\",\"isPartOf\":{\"@id\":\"https:\/\/knowhate.eu\/pt-pt\/#website\"},\"datePublished\":\"2023-01-16T16:34:03+00:00\",\"dateModified\":\"2023-02-07T16:42:18+00:00\",\"breadcrumb\":{\"@id\":\"https:\/\/knowhate.eu\/pt-pt\/objectives\/#breadcrumb\"},\"inLanguage\":\"pt-PT\",\"potentialAction\":[{\"@type\":\"ReadAction\",\"target\":[\"https:\/\/knowhate.eu\/pt-pt\/objectives\/\"]}]},{\"@type\":\"BreadcrumbList\",\"@id\":\"https:\/\/knowhate.eu\/pt-pt\/objectives\/#breadcrumb\",\"itemListElement\":[{\"@type\":\"ListItem\",\"position\":1,\"name\":\"Home\",\"item\":\"https:\/\/knowhate.eu\/pt-pt\/\"},{\"@type\":\"ListItem\",\"position\":2,\"name\":\"Objectivos\"}]},{\"@type\":\"WebSite\",\"@id\":\"https:\/\/knowhate.eu\/pt-pt\/#website\",\"url\":\"https:\/\/knowhate.eu\/pt-pt\/\",\"name\":\"Knowhate\",\"description\":\"kNOwing online HATE speech\",\"potentialAction\":[{\"@type\":\"SearchAction\",\"target\":{\"@type\":\"EntryPoint\",\"urlTemplate\":\"https:\/\/knowhate.eu\/pt-pt\/?s={search_term_string}\"},\"query-input\":{\"@type\":\"PropertyValueSpecification\",\"valueRequired\":true,\"valueName\":\"search_term_string\"}}],\"inLanguage\":\"pt-PT\"}]}<\/script>\n<!-- \/ Yoast SEO plugin. -->","yoast_head_json":{"title":"Objectivos - Knowhate","robots":{"index":"index","follow":"follow","max-snippet":"max-snippet:-1","max-image-preview":"max-image-preview:large","max-video-preview":"max-video-preview:-1"},"canonical":"https:\/\/knowhate.eu\/pt-pt\/objectives\/","og_locale":"pt_PT","og_type":"article","og_title":"Objectivos - Knowhate","og_description":"Objectivos O projecto kNOwHATE prop\u00f5e uma abordagem inovadora, interdisciplinar e participativa que combina as ci\u00eancias sociais e lingu\u00edsticas com ci\u00eancias","og_url":"https:\/\/knowhate.eu\/pt-pt\/objectives\/","og_site_name":"Knowhate","article_modified_time":"2023-02-07T16:42:18+00:00","twitter_card":"summary_large_image","twitter_misc":{"Tempo estimado de leitura":"2 minutos"},"schema":{"@context":"https:\/\/schema.org","@graph":[{"@type":"WebPage","@id":"https:\/\/knowhate.eu\/pt-pt\/objectives\/","url":"https:\/\/knowhate.eu\/pt-pt\/objectives\/","name":"Objectivos - Knowhate","isPartOf":{"@id":"https:\/\/knowhate.eu\/pt-pt\/#website"},"datePublished":"2023-01-16T16:34:03+00:00","dateModified":"2023-02-07T16:42:18+00:00","breadcrumb":{"@id":"https:\/\/knowhate.eu\/pt-pt\/objectives\/#breadcrumb"},"inLanguage":"pt-PT","potentialAction":[{"@type":"ReadAction","target":["https:\/\/knowhate.eu\/pt-pt\/objectives\/"]}]},{"@type":"BreadcrumbList","@id":"https:\/\/knowhate.eu\/pt-pt\/objectives\/#breadcrumb","itemListElement":[{"@type":"ListItem","position":1,"name":"Home","item":"https:\/\/knowhate.eu\/pt-pt\/"},{"@type":"ListItem","position":2,"name":"Objectivos"}]},{"@type":"WebSite","@id":"https:\/\/knowhate.eu\/pt-pt\/#website","url":"https:\/\/knowhate.eu\/pt-pt\/","name":"Knowhate","description":"kNOwing online HATE speech","potentialAction":[{"@type":"SearchAction","target":{"@type":"EntryPoint","urlTemplate":"https:\/\/knowhate.eu\/pt-pt\/?s={search_term_string}"},"query-input":{"@type":"PropertyValueSpecification","valueRequired":true,"valueName":"search_term_string"}}],"inLanguage":"pt-PT"}]}},"_links":{"self":[{"href":"https:\/\/knowhate.eu\/pt-pt\/wp-json\/wp\/v2\/pages\/9808","targetHints":{"allow":["GET"]}}],"collection":[{"href":"https:\/\/knowhate.eu\/pt-pt\/wp-json\/wp\/v2\/pages"}],"about":[{"href":"https:\/\/knowhate.eu\/pt-pt\/wp-json\/wp\/v2\/types\/page"}],"author":[{"embeddable":true,"href":"https:\/\/knowhate.eu\/pt-pt\/wp-json\/wp\/v2\/users\/1"}],"replies":[{"embeddable":true,"href":"https:\/\/knowhate.eu\/pt-pt\/wp-json\/wp\/v2\/comments?post=9808"}],"version-history":[{"count":4,"href":"https:\/\/knowhate.eu\/pt-pt\/wp-json\/wp\/v2\/pages\/9808\/revisions"}],"predecessor-version":[{"id":9812,"href":"https:\/\/knowhate.eu\/pt-pt\/wp-json\/wp\/v2\/pages\/9808\/revisions\/9812"}],"wp:attachment":[{"href":"https:\/\/knowhate.eu\/pt-pt\/wp-json\/wp\/v2\/media?parent=9808"}],"curies":[{"name":"wp","href":"https:\/\/api.w.org\/{rel}","templated":true}]}}