{"id":9784,"date":"2023-01-16T17:41:55","date_gmt":"2023-01-16T17:41:55","guid":{"rendered":"https:\/\/knowhate.eu\/glossary\/"},"modified":"2023-02-07T16:24:38","modified_gmt":"2023-02-07T16:24:38","slug":"glossary","status":"publish","type":"page","link":"https:\/\/knowhate.eu\/pt-pt\/glossary\/","title":{"rendered":"Gloss\u00e1rio"},"content":{"rendered":"\t\t<div data-elementor-type=\"wp-page\" data-elementor-id=\"9784\" class=\"elementor elementor-9784 elementor-8703\" data-elementor-post-type=\"page\">\n\t\t\t\t\t\t<section class=\"wd-negative-gap elementor-section elementor-top-section elementor-element elementor-element-be2ffbc elementor-section-boxed elementor-section-height-default elementor-section-height-default\" data-id=\"be2ffbc\" data-element_type=\"section\">\n\t\t\t\t\t\t<div class=\"elementor-container elementor-column-gap-default\">\n\t\t\t\t\t<div class=\"elementor-column elementor-col-100 elementor-top-column elementor-element elementor-element-dff78ae\" data-id=\"dff78ae\" data-element_type=\"column\">\n\t\t\t<div class=\"elementor-widget-wrap elementor-element-populated\">\n\t\t\t\t\t\t<div class=\"elementor-element elementor-element-03eaa44 wd-width-100 elementor-widget elementor-widget-wd_title\" data-id=\"03eaa44\" data-element_type=\"widget\" data-widget_type=\"wd_title.default\">\n\t\t\t\t<div class=\"elementor-widget-container\">\n\t\t\t\t\t\t\t<div class=\"title-wrapper wd-set-mb reset-last-child wd-title-color-default wd-title-style-default wd-title-size-default text-left\">\n\n\t\t\t\n\t\t\t<div class=\"liner-continer\">\n\t\t\t\t<h4 class=\"woodmart-title-container title wd-fontsize-l\">O que \u00e9 DOO?<\/h4> \n\t\t\t\t\t\t\t<\/div>\n\n\t\t\t\t\t<\/div>\n\t\t\t\t\t\t<\/div>\n\t\t\t\t<\/div>\n\t\t\t\t<div class=\"elementor-element elementor-element-ac062f3 color-scheme-inherit text-left elementor-widget elementor-widget-text-editor\" data-id=\"ac062f3\" data-element_type=\"widget\" data-widget_type=\"text-editor.default\">\n\t\t\t\t<div class=\"elementor-widget-container\">\n\t\t\t\t\t\t\t\t\t<strong>Defini\u00e7\u00f5es acad\u00e9micas<\/strong>\t\t\t\t\t\t\t\t<\/div>\n\t\t\t\t<\/div>\n\t\t\t\t<div class=\"elementor-element elementor-element-1161797 elementor-widget elementor-widget-wd_text_block\" data-id=\"1161797\" data-element_type=\"widget\" data-widget_type=\"wd_text_block.default\">\n\t\t\t\t<div class=\"elementor-widget-container\">\n\t\t\t\t\t\t\t<div class=\"wd-text-block reset-last-child text-left\">\n\t\t\t\n\t\t\t<p style=\"font-weight: 400;\">O discurso de \u00f3dio online (DOO) \u00e9 cada vez mais vis\u00edvel nas redes sociais, visando indiv\u00edduos com base na sua perten\u00e7a a um grupo\/categoria social (por exemplo, etnia, \u201cra\u00e7a\u201d, orienta\u00e7\u00e3o sexual, religi\u00e3o). Refere-se a linguagem preconceituosa e depreciativa dirigida a uma pessoa\/grupo devido \u00e0 sua perten\u00e7a grupal e conduz ao evitamento social e agress\u00e3o. Uma caracter\u00edstica central do discurso do \u00f3dio \u00e9 que \u00e9 desumanizante e \u00e9 usado para discriminar, denegrir e prejudicar os alvos. Deste discurso. Em \u00faltima an\u00e1lise, o DOO pode levar a crimes de \u00f3dio, ou genoc\u00eddio, uma vez que a discrimina\u00e7\u00e3o e a desumaniza\u00e7\u00e3o s\u00e3o conhecidas como fases iniciais do genoc\u00eddio humano. As consequ\u00eancias prejudiciais do DOO s\u00e3o generalizadas e t\u00eam impacto nas sociedades como um todo. Para al\u00e9m das consequ\u00eancias prejudiciais para as v\u00edtimas deste discurso, o DOO tamb\u00e9m tem impacto mais alargado nas pessoas que n\u00e3o sendo v\u00edtimas\/alvos directos est\u00e3o expostas a DOO.. De facto, quanto maior exposi\u00e7\u00e3o a DOO, maior o sentido de normaliza\u00e7\u00e3o deste discurso, e menor a sensibilidade dos indiv\u00edduos a conte\u00fados odiosos, o que acaba, em \u00faltima an\u00e1lise, por impedir a sua neutraliza\u00e7\u00e3o e combate eficaz.<\/p><p>Uma das principais cr\u00edticas e desafios para combater eficazmente o DOO \u00e9 a falta de uma defini\u00e7\u00e3o conceptual clara. Sem uma defini\u00e7\u00e3o clara do que \u00e9 DOO, e quais s\u00e3o as suas principais caracter\u00edsticas, a investiga\u00e7\u00e3o sobre este t\u00f3pico socialmente relevante fica comprometida. Sem defini\u00e7\u00f5es conceptuais claras, n\u00e3o podemos avaliar este fen\u00f3meno complexo, nem compreender claramente as suas m\u00faltiplas manifesta\u00e7\u00f5es, causas e motiva\u00e7\u00f5es, o que, em \u00faltima an\u00e1lise, impedem uma abordagem eficaz a este problema.<\/p><p>No kNOwHATE definimos DOO com base nas recentes orienta\u00e7\u00f5es fornecidas pelo Conselho da Europa na sua \u00faltima Recomenda\u00e7\u00e3o (CM\/Rec\/2022\/16),\u00a0bem como em investiga\u00e7\u00e3o recente (Siegle, 2020):<\/p><p><em>DOO refere-se a linguagem preconceituosa e depreciativa dirigida a uma pessoa\/grupo devido \u00e0 sua perten\u00e7a a um grupo (por exemplo, caracter\u00edsticas percepcionadas como etnia, ra\u00e7a, orienta\u00e7\u00e3o sexual, etc.) que espalha, incita, promove ou justifica o \u00f3dio, a exclus\u00e3o e\/ou a viol\u00eancia\/agress\u00e3o. <\/em><\/p>\n\t\t\t\t\t<\/div>\n\t\t\t\t\t\t<\/div>\n\t\t\t\t<\/div>\n\t\t\t\t\t<\/div>\n\t\t<\/div>\n\t\t\t\t\t<\/div>\n\t\t<\/section>\n\t\t\t\t<section class=\"wd-negative-gap elementor-section elementor-top-section elementor-element elementor-element-fdc311f elementor-section-boxed elementor-section-height-default elementor-section-height-default\" data-id=\"fdc311f\" data-element_type=\"section\">\n\t\t\t\t\t\t<div class=\"elementor-container elementor-column-gap-default\">\n\t\t\t\t\t<div class=\"elementor-column elementor-col-100 elementor-top-column elementor-element elementor-element-b744aaa\" data-id=\"b744aaa\" data-element_type=\"column\">\n\t\t\t<div class=\"elementor-widget-wrap elementor-element-populated\">\n\t\t\t\t\t\t<div class=\"elementor-element elementor-element-fdc61a9 wd-width-100 elementor-widget elementor-widget-wd_title\" data-id=\"fdc61a9\" data-element_type=\"widget\" data-widget_type=\"wd_title.default\">\n\t\t\t\t<div class=\"elementor-widget-container\">\n\t\t\t\t\t\t\t<div class=\"title-wrapper wd-set-mb reset-last-child wd-title-color-default wd-title-style-default wd-title-size-default text-left\">\n\n\t\t\t\n\t\t\t<div class=\"liner-continer\">\n\t\t\t\t<h4 class=\"woodmart-title-container title wd-fontsize-l\">Defini\u00e7\u00f5es da Uni\u00e3o Europeia<\/h4> \n\t\t\t\t\t\t\t<\/div>\n\n\t\t\t\t\t<\/div>\n\t\t\t\t\t\t<\/div>\n\t\t\t\t<\/div>\n\t\t\t\t<div class=\"elementor-element elementor-element-4f1a62c elementor-widget elementor-widget-wd_text_block\" data-id=\"4f1a62c\" data-element_type=\"widget\" data-widget_type=\"wd_text_block.default\">\n\t\t\t\t<div class=\"elementor-widget-container\">\n\t\t\t\t\t\t\t<div class=\"wd-text-block reset-last-child text-left\">\n\t\t\t\n\t\t\t<p style=\"font-weight: 400;\">Council of Europe in its latest Recommendation (CM\/Rec\/2022\/16)<\/p><p style=\"font-weight: 400;\">\u201c hate speech is understood as all types of expression that incite, promote, spread or justify violence, hatred or discrimination against a person or group of persons, or that denigrates them, by reason of their real or attributed personal characteristics or status such as \u201crace\u201d, colour, language, religion, nationality, national or ethnic origin, age, disability, sex, gender identity and sexual orientation. (\u2026) As hate speech covers a range of hateful expressions which vary in their severity, the harm they cause and their impact on members of particular groups in different contexts, member States should ensure that a range of properly calibrated measures is in place to effectively prevent and combat hate speech. Such a comprehensive approach should be fully aligned with the European Convention on Human Rights and the relevant case law of the European Court of Human Rights (the Court) and should differentiate between:<\/p><ol><li style=\"font-weight: 400;\">hate speech that is prohibited under criminal law; and<\/li><li style=\"font-weight: 400;\">hate speech that does not attain the level of severity required for criminal liability, but is nevertheless subject to civil or administrative law; and<\/li><li style=\"font-weight: 400;\">offensive or harmful types of expression which are not sufficiently severe to be legitimately restricted under the European Convention on Human Rights, but nevertheless call for alternative responses, as set out below, such as: counter-speech and other countermeasures; measures fostering intercultural dialogue and understanding, including via the media and social media; and relevant educational, information-sharing and awareness-raising activities.\u201d<\/li><\/ol>\n\t\t\t\t\t<\/div>\n\t\t\t\t\t\t<\/div>\n\t\t\t\t<\/div>\n\t\t\t\t<div class=\"elementor-element elementor-element-5e7a55d elementor-align-left animated-slow elementor-widget elementor-widget-button\" data-id=\"5e7a55d\" data-element_type=\"widget\" data-settings=\"{&quot;_animation&quot;:&quot;none&quot;}\" data-widget_type=\"button.default\">\n\t\t\t\t<div class=\"elementor-widget-container\">\n\t\t\t\t\t\t\t\t\t<div class=\"elementor-button-wrapper\">\n\t\t\t\t\t<a class=\"elementor-button elementor-button-link elementor-size-xs\" href=\"https:\/\/search.coe.int\/cm\/Pages\/result_details.aspx?ObjectId=0900001680a67955\" target=\"_blank\">\n\t\t\t\t\t\t<span class=\"elementor-button-content-wrapper\">\n\t\t\t\t\t\t\t\t\t<span class=\"elementor-button-text\">Guide to Procedures<\/span>\n\t\t\t\t\t<\/span>\n\t\t\t\t\t<\/a>\n\t\t\t\t<\/div>\n\t\t\t\t\t\t\t\t<\/div>\n\t\t\t\t<\/div>\n\t\t\t\t\t<\/div>\n\t\t<\/div>\n\t\t\t\t\t<\/div>\n\t\t<\/section>\n\t\t\t\t<section class=\"wd-negative-gap elementor-section elementor-top-section elementor-element elementor-element-9383771 elementor-section-boxed elementor-section-height-default elementor-section-height-default\" data-id=\"9383771\" data-element_type=\"section\">\n\t\t\t\t\t\t<div class=\"elementor-container elementor-column-gap-default\">\n\t\t\t\t\t<div class=\"elementor-column elementor-col-100 elementor-top-column elementor-element elementor-element-6b1a019\" data-id=\"6b1a019\" data-element_type=\"column\">\n\t\t\t<div class=\"elementor-widget-wrap elementor-element-populated\">\n\t\t\t\t\t\t<div class=\"elementor-element elementor-element-5512a08 wd-width-100 elementor-widget elementor-widget-wd_title\" data-id=\"5512a08\" data-element_type=\"widget\" data-widget_type=\"wd_title.default\">\n\t\t\t\t<div class=\"elementor-widget-container\">\n\t\t\t\t\t\t\t<div class=\"title-wrapper wd-set-mb reset-last-child wd-title-color-default wd-title-style-default wd-title-size-default text-left\">\n\n\t\t\t\n\t\t\t<div class=\"liner-continer\">\n\t\t\t\t<h4 class=\"woodmart-title-container title wd-fontsize-l\">Defini\u00e7\u00f5es das Na\u00e7\u00f5es Unidas<\/h4> \n\t\t\t\t\t\t\t<\/div>\n\n\t\t\t\t\t<\/div>\n\t\t\t\t\t\t<\/div>\n\t\t\t\t<\/div>\n\t\t\t\t<div class=\"elementor-element elementor-element-d41587b elementor-widget elementor-widget-wd_text_block\" data-id=\"d41587b\" data-element_type=\"widget\" data-widget_type=\"wd_text_block.default\">\n\t\t\t\t<div class=\"elementor-widget-container\">\n\t\t\t\t\t\t\t<div class=\"wd-text-block reset-last-child text-left\">\n\t\t\t\n\t\t\t<div><span lang=\"EN-US\">\u201cThere is no international legal definition of hate speech, and the characterization of what is \u201chateful\u201d is controversial and disputed. In the context of this document, the term hate speech is understood as any kind of communication in speech, writing or behaviour, that attacks or uses pejorative or discriminatory language with reference to a person or a group on the basis of who they are, in other words, based on their religion, ethnicity, nationality, race, colour, descent, gender or other identity factor. This is often rooted in, and generates in tolerance and hatred and, in certain contexts, can be demeaning and divisive\u201d<\/span><\/div><div>\u00a0<\/div>\n\t\t\t\t\t<\/div>\n\t\t\t\t\t\t<\/div>\n\t\t\t\t<\/div>\n\t\t\t\t<div class=\"elementor-element elementor-element-40965ca wd-width-100 elementor-widget elementor-widget-wd_title\" data-id=\"40965ca\" data-element_type=\"widget\" data-widget_type=\"wd_title.default\">\n\t\t\t\t<div class=\"elementor-widget-container\">\n\t\t\t\t\t\t\t<div class=\"title-wrapper wd-set-mb reset-last-child wd-title-color-default wd-title-style-default wd-title-size-default text-left\">\n\n\t\t\t\n\t\t\t<div class=\"liner-continer\">\n\t\t\t\t<h4 class=\"woodmart-title-container title wd-fontsize-l\">Strategy and Plan of Action for Hate Speech<\/h4> \n\t\t\t\t\t\t\t<\/div>\n\n\t\t\t\t\t<\/div>\n\t\t\t\t\t\t<\/div>\n\t\t\t\t<\/div>\n\t\t\t\t<div class=\"elementor-element elementor-element-8f1ff94 elementor-align-left animated-slow elementor-widget elementor-widget-button\" data-id=\"8f1ff94\" data-element_type=\"widget\" data-settings=\"{&quot;_animation&quot;:&quot;none&quot;}\" data-widget_type=\"button.default\">\n\t\t\t\t<div class=\"elementor-widget-container\">\n\t\t\t\t\t\t\t\t\t<div class=\"elementor-button-wrapper\">\n\t\t\t\t\t<a class=\"elementor-button elementor-button-link elementor-size-xs\" href=\"https:\/\/knowhate.eu\/wp-content\/uploads\/2023\/01\/Action_plan_on_hate_speech_EN.pdf\">\n\t\t\t\t\t\t<span class=\"elementor-button-content-wrapper\">\n\t\t\t\t\t\t\t\t\t<span class=\"elementor-button-text\">Download<\/span>\n\t\t\t\t\t<\/span>\n\t\t\t\t\t<\/a>\n\t\t\t\t<\/div>\n\t\t\t\t\t\t\t\t<\/div>\n\t\t\t\t<\/div>\n\t\t\t\t\t<\/div>\n\t\t<\/div>\n\t\t\t\t\t<\/div>\n\t\t<\/section>\n\t\t\t\t<section class=\"wd-negative-gap elementor-section elementor-top-section elementor-element elementor-element-ed8a377 elementor-section-boxed elementor-section-height-default elementor-section-height-default\" data-id=\"ed8a377\" data-element_type=\"section\">\n\t\t\t\t\t\t<div class=\"elementor-container elementor-column-gap-default\">\n\t\t\t\t\t<div class=\"elementor-column elementor-col-100 elementor-top-column elementor-element elementor-element-adf06d3\" data-id=\"adf06d3\" data-element_type=\"column\">\n\t\t\t<div class=\"elementor-widget-wrap elementor-element-populated\">\n\t\t\t\t\t\t<div class=\"elementor-element elementor-element-6f863fb elementor-widget elementor-widget-wd_text_block\" data-id=\"6f863fb\" data-element_type=\"widget\" data-widget_type=\"wd_text_block.default\">\n\t\t\t\t<div class=\"elementor-widget-container\">\n\t\t\t\t\t\t\t<div class=\"wd-text-block reset-last-child text-left\">\n\t\t\t\n\t\t\t<ul><li>CDE Plan\/Activities \u2013 Communication, Dissemination and Exploitation Plan and Activities\u200b<\/li><li>OHS \u2013 Online Hate Speech\u200b<\/li><li>OCS \u2013 Online Counter Speech\u200b<\/li><li>CSOs \u2013 Civil Society Organisations\u200b<\/li><li>Target Audiences \u2013 main recipients of our communication and dissemination activities: civil society organisations, public authorities, academia and general public\u200b<\/li><li>Target Groups \/ Target Communities \u2013 minority groups and communities most affected by OHS (LGTBI+ community, immigrants communities and ethnic\/racialized minorities such as Roma people, and Afro-descendents)\u200b<\/li><li>KPIs \u2013 Key Performance Indicators\u200b<\/li><li>SEO \u2013 Search Engine Optimisation<\/li><\/ul>\n\t\t\t\t\t<\/div>\n\t\t\t\t\t\t<\/div>\n\t\t\t\t<\/div>\n\t\t\t\t\t<\/div>\n\t\t<\/div>\n\t\t\t\t\t<\/div>\n\t\t<\/section>\n\t\t\t\t<\/div>\n\t\t","protected":false},"excerpt":{"rendered":"<p>O que \u00e9 DOO? Defini\u00e7\u00f5es acad\u00e9micas O discurso de \u00f3dio online (DOO) \u00e9 cada vez mais vis\u00edvel nas redes sociais,<\/p>\n","protected":false},"author":1,"featured_media":0,"parent":0,"menu_order":0,"comment_status":"closed","ping_status":"closed","template":"","meta":{"footnotes":""},"class_list":["post-9784","page","type-page","status-publish","hentry"],"yoast_head":"<!-- This site is optimized with the Yoast SEO plugin v24.7 - https:\/\/yoast.com\/wordpress\/plugins\/seo\/ -->\n<title>Gloss\u00e1rio - Knowhate<\/title>\n<meta name=\"robots\" content=\"index, follow, max-snippet:-1, max-image-preview:large, max-video-preview:-1\" \/>\n<link rel=\"canonical\" href=\"https:\/\/knowhate.eu\/pt-pt\/glossary\/\" \/>\n<meta property=\"og:locale\" content=\"pt_PT\" \/>\n<meta property=\"og:type\" content=\"article\" \/>\n<meta property=\"og:title\" content=\"Gloss\u00e1rio - Knowhate\" \/>\n<meta property=\"og:description\" content=\"O que \u00e9 DOO? Defini\u00e7\u00f5es acad\u00e9micas O discurso de \u00f3dio online (DOO) \u00e9 cada vez mais vis\u00edvel nas redes sociais,\" \/>\n<meta property=\"og:url\" content=\"https:\/\/knowhate.eu\/pt-pt\/glossary\/\" \/>\n<meta property=\"og:site_name\" content=\"Knowhate\" \/>\n<meta property=\"article:modified_time\" content=\"2023-02-07T16:24:38+00:00\" \/>\n<meta name=\"twitter:card\" content=\"summary_large_image\" \/>\n<meta name=\"twitter:label1\" content=\"Tempo estimado de leitura\" \/>\n\t<meta name=\"twitter:data1\" content=\"5 minutos\" \/>\n<script type=\"application\/ld+json\" class=\"yoast-schema-graph\">{\"@context\":\"https:\/\/schema.org\",\"@graph\":[{\"@type\":\"WebPage\",\"@id\":\"https:\/\/knowhate.eu\/pt-pt\/glossary\/\",\"url\":\"https:\/\/knowhate.eu\/pt-pt\/glossary\/\",\"name\":\"Gloss\u00e1rio - Knowhate\",\"isPartOf\":{\"@id\":\"https:\/\/knowhate.eu\/pt-pt\/#website\"},\"datePublished\":\"2023-01-16T17:41:55+00:00\",\"dateModified\":\"2023-02-07T16:24:38+00:00\",\"breadcrumb\":{\"@id\":\"https:\/\/knowhate.eu\/pt-pt\/glossary\/#breadcrumb\"},\"inLanguage\":\"pt-PT\",\"potentialAction\":[{\"@type\":\"ReadAction\",\"target\":[\"https:\/\/knowhate.eu\/pt-pt\/glossary\/\"]}]},{\"@type\":\"BreadcrumbList\",\"@id\":\"https:\/\/knowhate.eu\/pt-pt\/glossary\/#breadcrumb\",\"itemListElement\":[{\"@type\":\"ListItem\",\"position\":1,\"name\":\"Home\",\"item\":\"https:\/\/knowhate.eu\/pt-pt\/\"},{\"@type\":\"ListItem\",\"position\":2,\"name\":\"Gloss\u00e1rio\"}]},{\"@type\":\"WebSite\",\"@id\":\"https:\/\/knowhate.eu\/pt-pt\/#website\",\"url\":\"https:\/\/knowhate.eu\/pt-pt\/\",\"name\":\"Knowhate\",\"description\":\"kNOwing online HATE speech\",\"potentialAction\":[{\"@type\":\"SearchAction\",\"target\":{\"@type\":\"EntryPoint\",\"urlTemplate\":\"https:\/\/knowhate.eu\/pt-pt\/?s={search_term_string}\"},\"query-input\":{\"@type\":\"PropertyValueSpecification\",\"valueRequired\":true,\"valueName\":\"search_term_string\"}}],\"inLanguage\":\"pt-PT\"}]}<\/script>\n<!-- \/ Yoast SEO plugin. -->","yoast_head_json":{"title":"Gloss\u00e1rio - Knowhate","robots":{"index":"index","follow":"follow","max-snippet":"max-snippet:-1","max-image-preview":"max-image-preview:large","max-video-preview":"max-video-preview:-1"},"canonical":"https:\/\/knowhate.eu\/pt-pt\/glossary\/","og_locale":"pt_PT","og_type":"article","og_title":"Gloss\u00e1rio - Knowhate","og_description":"O que \u00e9 DOO? Defini\u00e7\u00f5es acad\u00e9micas O discurso de \u00f3dio online (DOO) \u00e9 cada vez mais vis\u00edvel nas redes sociais,","og_url":"https:\/\/knowhate.eu\/pt-pt\/glossary\/","og_site_name":"Knowhate","article_modified_time":"2023-02-07T16:24:38+00:00","twitter_card":"summary_large_image","twitter_misc":{"Tempo estimado de leitura":"5 minutos"},"schema":{"@context":"https:\/\/schema.org","@graph":[{"@type":"WebPage","@id":"https:\/\/knowhate.eu\/pt-pt\/glossary\/","url":"https:\/\/knowhate.eu\/pt-pt\/glossary\/","name":"Gloss\u00e1rio - Knowhate","isPartOf":{"@id":"https:\/\/knowhate.eu\/pt-pt\/#website"},"datePublished":"2023-01-16T17:41:55+00:00","dateModified":"2023-02-07T16:24:38+00:00","breadcrumb":{"@id":"https:\/\/knowhate.eu\/pt-pt\/glossary\/#breadcrumb"},"inLanguage":"pt-PT","potentialAction":[{"@type":"ReadAction","target":["https:\/\/knowhate.eu\/pt-pt\/glossary\/"]}]},{"@type":"BreadcrumbList","@id":"https:\/\/knowhate.eu\/pt-pt\/glossary\/#breadcrumb","itemListElement":[{"@type":"ListItem","position":1,"name":"Home","item":"https:\/\/knowhate.eu\/pt-pt\/"},{"@type":"ListItem","position":2,"name":"Gloss\u00e1rio"}]},{"@type":"WebSite","@id":"https:\/\/knowhate.eu\/pt-pt\/#website","url":"https:\/\/knowhate.eu\/pt-pt\/","name":"Knowhate","description":"kNOwing online HATE speech","potentialAction":[{"@type":"SearchAction","target":{"@type":"EntryPoint","urlTemplate":"https:\/\/knowhate.eu\/pt-pt\/?s={search_term_string}"},"query-input":{"@type":"PropertyValueSpecification","valueRequired":true,"valueName":"search_term_string"}}],"inLanguage":"pt-PT"}]}},"_links":{"self":[{"href":"https:\/\/knowhate.eu\/pt-pt\/wp-json\/wp\/v2\/pages\/9784","targetHints":{"allow":["GET"]}}],"collection":[{"href":"https:\/\/knowhate.eu\/pt-pt\/wp-json\/wp\/v2\/pages"}],"about":[{"href":"https:\/\/knowhate.eu\/pt-pt\/wp-json\/wp\/v2\/types\/page"}],"author":[{"embeddable":true,"href":"https:\/\/knowhate.eu\/pt-pt\/wp-json\/wp\/v2\/users\/1"}],"replies":[{"embeddable":true,"href":"https:\/\/knowhate.eu\/pt-pt\/wp-json\/wp\/v2\/comments?post=9784"}],"version-history":[{"count":4,"href":"https:\/\/knowhate.eu\/pt-pt\/wp-json\/wp\/v2\/pages\/9784\/revisions"}],"predecessor-version":[{"id":9789,"href":"https:\/\/knowhate.eu\/pt-pt\/wp-json\/wp\/v2\/pages\/9784\/revisions\/9789"}],"wp:attachment":[{"href":"https:\/\/knowhate.eu\/pt-pt\/wp-json\/wp\/v2\/media?parent=9784"}],"curies":[{"name":"wp","href":"https:\/\/api.w.org\/{rel}","templated":true}]}}