{"id":9771,"date":"2023-01-16T16:15:02","date_gmt":"2023-01-16T16:15:02","guid":{"rendered":"https:\/\/knowhate.eu\/about-us\/"},"modified":"2023-02-07T16:12:55","modified_gmt":"2023-02-07T16:12:55","slug":"about-us","status":"publish","type":"page","link":"https:\/\/knowhate.eu\/pt-pt\/about-us\/","title":{"rendered":"Sobre n\u00f3s"},"content":{"rendered":"\t\t<div data-elementor-type=\"wp-page\" data-elementor-id=\"9771\" class=\"elementor elementor-9771 elementor-8604\" data-elementor-post-type=\"page\">\n\t\t\t\t\t\t<section class=\"wd-negative-gap elementor-section elementor-top-section elementor-element elementor-element-93ae735 elementor-section-boxed elementor-section-height-default elementor-section-height-default\" data-id=\"93ae735\" data-element_type=\"section\">\n\t\t\t\t\t\t<div class=\"elementor-container elementor-column-gap-default\">\n\t\t\t\t\t<div class=\"elementor-column elementor-col-100 elementor-top-column elementor-element elementor-element-d902947\" data-id=\"d902947\" data-element_type=\"column\">\n\t\t\t<div class=\"elementor-widget-wrap elementor-element-populated\">\n\t\t\t\t\t\t<div class=\"elementor-element elementor-element-ad003d1 wd-width-100 elementor-widget elementor-widget-wd_title\" data-id=\"ad003d1\" data-element_type=\"widget\" data-widget_type=\"wd_title.default\">\n\t\t\t\t<div class=\"elementor-widget-container\">\n\t\t\t\t\t\t\t<div class=\"title-wrapper wd-set-mb reset-last-child wd-title-color-default wd-title-style-default wd-title-size-default text-left\">\n\n\t\t\t\n\t\t\t<div class=\"liner-continer\">\n\t\t\t\t<h4 class=\"woodmart-title-container title wd-fontsize-l\">O que \u00e9 o kNOwHATE?<\/h4> \n\t\t\t\t\t\t\t<\/div>\n\n\t\t\t\t\t<\/div>\n\t\t\t\t\t\t<\/div>\n\t\t\t\t<\/div>\n\t\t\t\t<div class=\"elementor-element elementor-element-144d38a elementor-widget elementor-widget-wd_text_block\" data-id=\"144d38a\" data-element_type=\"widget\" data-widget_type=\"wd_text_block.default\">\n\t\t\t\t<div class=\"elementor-widget-container\">\n\t\t\t\t\t\t\t<div class=\"wd-text-block reset-last-child text-left\">\n\t\t\t\n\t\t\t<div><p>Apesar do esfor\u00e7o que a Uni\u00e3o Europeia tem vindo levar a cabo para combater o discurso de \u00f3dio online (DOO), v\u00e1rios relat\u00f3rios mostraram que houve um aumento na sua express\u00e3o durante 2020 e 2021. De facto, a atual pandemia proporcionou um contexto para o aumento da culpabiliza\u00e7\u00e3o e estigmatiza\u00e7\u00e3o na sociedade, e os grupos minorit\u00e1rios s\u00e3o os principais alvos do discurso de \u00f3dio (United Nations Human Rights Office, 2021). Tendo em conta o potencial do DOO para desencadear viol\u00eancia e discrimina\u00e7\u00e3o, e ainda para dessensibilizar os individuos e reduzir a sua capacidade de o combaterem, \u00e9 fundamental compreender como e porqu\u00ea as pessoas odeiam nas redes sociais, de forma a melhor enfrentar o DOO.<\/p><p>De facto, o DOO \u00e9 uma amea\u00e7a persistente aos valores da Uni\u00e3o Europeia e \u00e9 necess\u00e1rio produzir mais conhecimento sobre o seu conte\u00fado\/express\u00f5es, dete\u00e7\u00e3o e combate.<br \/>\u00c0 semelhan\u00e7a de outros Estados-membros, Portugal tem assistido a uma escalada no discurso de \u00f3dio contra pessoas e comunidades imigrantes, racializadas, e LGBTI+.<br \/>No entanto, n\u00e3o existem ainda conhecimento sistematizado nem as ferramentas necess\u00e1rias para detetar, monitorizar e prevenir o DOO contra estas comunidades.<\/p><\/div><div><h5>O cons\u00f3rcio kNOwHATE, financiado pelo programa Citizens, Equality, Rights and Values ,tem como objectivo responder a esta necessidade, oferecendo uma abordagem inovadora,integrada, participativa e culturalmente sens\u00edvel para analisar, detetar e combater o discurso de \u00f3dio online directo e indirecto em l\u00edngua portuguesa.<\/h5><\/div>\n\t\t\t\t\t<\/div>\n\t\t\t\t\t\t<\/div>\n\t\t\t\t<\/div>\n\t\t\t\t\t<\/div>\n\t\t<\/div>\n\t\t\t\t\t<\/div>\n\t\t<\/section>\n\t\t\t\t<\/div>\n\t\t","protected":false},"excerpt":{"rendered":"<p>O que \u00e9 o kNOwHATE? Apesar do esfor\u00e7o que a Uni\u00e3o Europeia tem vindo levar a cabo para combater o<\/p>\n","protected":false},"author":1,"featured_media":0,"parent":0,"menu_order":0,"comment_status":"closed","ping_status":"closed","template":"","meta":{"footnotes":""},"class_list":["post-9771","page","type-page","status-publish","hentry"],"yoast_head":"<!-- This site is optimized with the Yoast SEO plugin v24.7 - https:\/\/yoast.com\/wordpress\/plugins\/seo\/ -->\n<title>Sobre n\u00f3s - Knowhate<\/title>\n<meta name=\"robots\" content=\"index, follow, max-snippet:-1, max-image-preview:large, max-video-preview:-1\" \/>\n<link rel=\"canonical\" href=\"https:\/\/knowhate.eu\/pt-pt\/about-us\/\" \/>\n<meta property=\"og:locale\" content=\"pt_PT\" \/>\n<meta property=\"og:type\" content=\"article\" \/>\n<meta property=\"og:title\" content=\"Sobre n\u00f3s - Knowhate\" \/>\n<meta property=\"og:description\" content=\"O que \u00e9 o kNOwHATE? Apesar do esfor\u00e7o que a Uni\u00e3o Europeia tem vindo levar a cabo para combater o\" \/>\n<meta property=\"og:url\" content=\"https:\/\/knowhate.eu\/pt-pt\/about-us\/\" \/>\n<meta property=\"og:site_name\" content=\"Knowhate\" \/>\n<meta property=\"article:modified_time\" content=\"2023-02-07T16:12:55+00:00\" \/>\n<meta name=\"twitter:card\" content=\"summary_large_image\" \/>\n<meta name=\"twitter:label1\" content=\"Tempo estimado de leitura\" \/>\n\t<meta name=\"twitter:data1\" content=\"2 minutos\" \/>\n<script type=\"application\/ld+json\" class=\"yoast-schema-graph\">{\"@context\":\"https:\/\/schema.org\",\"@graph\":[{\"@type\":\"WebPage\",\"@id\":\"https:\/\/knowhate.eu\/pt-pt\/about-us\/\",\"url\":\"https:\/\/knowhate.eu\/pt-pt\/about-us\/\",\"name\":\"Sobre n\u00f3s - Knowhate\",\"isPartOf\":{\"@id\":\"https:\/\/knowhate.eu\/pt-pt\/#website\"},\"datePublished\":\"2023-01-16T16:15:02+00:00\",\"dateModified\":\"2023-02-07T16:12:55+00:00\",\"breadcrumb\":{\"@id\":\"https:\/\/knowhate.eu\/pt-pt\/about-us\/#breadcrumb\"},\"inLanguage\":\"pt-PT\",\"potentialAction\":[{\"@type\":\"ReadAction\",\"target\":[\"https:\/\/knowhate.eu\/pt-pt\/about-us\/\"]}]},{\"@type\":\"BreadcrumbList\",\"@id\":\"https:\/\/knowhate.eu\/pt-pt\/about-us\/#breadcrumb\",\"itemListElement\":[{\"@type\":\"ListItem\",\"position\":1,\"name\":\"Home\",\"item\":\"https:\/\/knowhate.eu\/pt-pt\/\"},{\"@type\":\"ListItem\",\"position\":2,\"name\":\"Sobre n\u00f3s\"}]},{\"@type\":\"WebSite\",\"@id\":\"https:\/\/knowhate.eu\/pt-pt\/#website\",\"url\":\"https:\/\/knowhate.eu\/pt-pt\/\",\"name\":\"Knowhate\",\"description\":\"kNOwing online HATE speech\",\"potentialAction\":[{\"@type\":\"SearchAction\",\"target\":{\"@type\":\"EntryPoint\",\"urlTemplate\":\"https:\/\/knowhate.eu\/pt-pt\/?s={search_term_string}\"},\"query-input\":{\"@type\":\"PropertyValueSpecification\",\"valueRequired\":true,\"valueName\":\"search_term_string\"}}],\"inLanguage\":\"pt-PT\"}]}<\/script>\n<!-- \/ Yoast SEO plugin. -->","yoast_head_json":{"title":"Sobre n\u00f3s - Knowhate","robots":{"index":"index","follow":"follow","max-snippet":"max-snippet:-1","max-image-preview":"max-image-preview:large","max-video-preview":"max-video-preview:-1"},"canonical":"https:\/\/knowhate.eu\/pt-pt\/about-us\/","og_locale":"pt_PT","og_type":"article","og_title":"Sobre n\u00f3s - Knowhate","og_description":"O que \u00e9 o kNOwHATE? Apesar do esfor\u00e7o que a Uni\u00e3o Europeia tem vindo levar a cabo para combater o","og_url":"https:\/\/knowhate.eu\/pt-pt\/about-us\/","og_site_name":"Knowhate","article_modified_time":"2023-02-07T16:12:55+00:00","twitter_card":"summary_large_image","twitter_misc":{"Tempo estimado de leitura":"2 minutos"},"schema":{"@context":"https:\/\/schema.org","@graph":[{"@type":"WebPage","@id":"https:\/\/knowhate.eu\/pt-pt\/about-us\/","url":"https:\/\/knowhate.eu\/pt-pt\/about-us\/","name":"Sobre n\u00f3s - Knowhate","isPartOf":{"@id":"https:\/\/knowhate.eu\/pt-pt\/#website"},"datePublished":"2023-01-16T16:15:02+00:00","dateModified":"2023-02-07T16:12:55+00:00","breadcrumb":{"@id":"https:\/\/knowhate.eu\/pt-pt\/about-us\/#breadcrumb"},"inLanguage":"pt-PT","potentialAction":[{"@type":"ReadAction","target":["https:\/\/knowhate.eu\/pt-pt\/about-us\/"]}]},{"@type":"BreadcrumbList","@id":"https:\/\/knowhate.eu\/pt-pt\/about-us\/#breadcrumb","itemListElement":[{"@type":"ListItem","position":1,"name":"Home","item":"https:\/\/knowhate.eu\/pt-pt\/"},{"@type":"ListItem","position":2,"name":"Sobre n\u00f3s"}]},{"@type":"WebSite","@id":"https:\/\/knowhate.eu\/pt-pt\/#website","url":"https:\/\/knowhate.eu\/pt-pt\/","name":"Knowhate","description":"kNOwing online HATE speech","potentialAction":[{"@type":"SearchAction","target":{"@type":"EntryPoint","urlTemplate":"https:\/\/knowhate.eu\/pt-pt\/?s={search_term_string}"},"query-input":{"@type":"PropertyValueSpecification","valueRequired":true,"valueName":"search_term_string"}}],"inLanguage":"pt-PT"}]}},"_links":{"self":[{"href":"https:\/\/knowhate.eu\/pt-pt\/wp-json\/wp\/v2\/pages\/9771","targetHints":{"allow":["GET"]}}],"collection":[{"href":"https:\/\/knowhate.eu\/pt-pt\/wp-json\/wp\/v2\/pages"}],"about":[{"href":"https:\/\/knowhate.eu\/pt-pt\/wp-json\/wp\/v2\/types\/page"}],"author":[{"embeddable":true,"href":"https:\/\/knowhate.eu\/pt-pt\/wp-json\/wp\/v2\/users\/1"}],"replies":[{"embeddable":true,"href":"https:\/\/knowhate.eu\/pt-pt\/wp-json\/wp\/v2\/comments?post=9771"}],"version-history":[{"count":4,"href":"https:\/\/knowhate.eu\/pt-pt\/wp-json\/wp\/v2\/pages\/9771\/revisions"}],"predecessor-version":[{"id":9775,"href":"https:\/\/knowhate.eu\/pt-pt\/wp-json\/wp\/v2\/pages\/9771\/revisions\/9775"}],"wp:attachment":[{"href":"https:\/\/knowhate.eu\/pt-pt\/wp-json\/wp\/v2\/media?parent=9771"}],"curies":[{"name":"wp","href":"https:\/\/api.w.org\/{rel}","templated":true}]}}